{"id":107,"date":"2024-04-17T17:23:37","date_gmt":"2024-04-17T15:23:37","guid":{"rendered":"https:\/\/nowater-versailles.fr\/?page_id=107"},"modified":"2024-12-05T19:28:03","modified_gmt":"2024-12-05T18:28:03","slug":"accueil","status":"publish","type":"page","link":"https:\/\/nowater-versailles.fr\/","title":{"rendered":"Bienvenue au No Water !"},"content":{"rendered":"\n<figure class=\"wp-block-gallery has-nested-images columns-default is-cropped wp-block-gallery-1 is-layout-flex wp-block-gallery-is-layout-flex\">\n<figure class=\"wp-block-image size-large\"><img loading=\"lazy\" decoding=\"async\" width=\"683\" height=\"1024\" data-id=\"37\" src=\"https:\/\/nowater-versailles.fr\/wp-content\/uploads\/2024\/04\/DSC00532-683x1024.jpg\" alt=\"Image d\u00e9corative\" class=\"wp-image-37\" srcset=\"https:\/\/nowater-versailles.fr\/wp-content\/uploads\/2024\/04\/DSC00532-683x1024.jpg 683w, https:\/\/nowater-versailles.fr\/wp-content\/uploads\/2024\/04\/DSC00532-200x300.jpg 200w, https:\/\/nowater-versailles.fr\/wp-content\/uploads\/2024\/04\/DSC00532-768x1152.jpg 768w, https:\/\/nowater-versailles.fr\/wp-content\/uploads\/2024\/04\/DSC00532-1024x1536.jpg 1024w, https:\/\/nowater-versailles.fr\/wp-content\/uploads\/2024\/04\/DSC00532-1365x2048.jpg 1365w, https:\/\/nowater-versailles.fr\/wp-content\/uploads\/2024\/04\/DSC00532-scaled.jpg 1707w\" sizes=\"auto, (max-width: 683px) 100vw, 683px\" \/><\/figure>\n\n\n\n<figure class=\"wp-block-image size-large\"><img loading=\"lazy\" decoding=\"async\" width=\"1024\" height=\"683\" data-id=\"88\" src=\"https:\/\/nowater-versailles.fr\/wp-content\/uploads\/2024\/04\/DSC00774-1024x683.jpg\" alt=\"Image d\u00e9corative\" class=\"wp-image-88\" srcset=\"https:\/\/nowater-versailles.fr\/wp-content\/uploads\/2024\/04\/DSC00774-1024x683.jpg 1024w, https:\/\/nowater-versailles.fr\/wp-content\/uploads\/2024\/04\/DSC00774-300x200.jpg 300w, https:\/\/nowater-versailles.fr\/wp-content\/uploads\/2024\/04\/DSC00774-768x512.jpg 768w, https:\/\/nowater-versailles.fr\/wp-content\/uploads\/2024\/04\/DSC00774-1536x1024.jpg 1536w, https:\/\/nowater-versailles.fr\/wp-content\/uploads\/2024\/04\/DSC00774-2048x1365.jpg 2048w\" sizes=\"auto, (max-width: 1024px) 100vw, 1024px\" \/><\/figure>\n\n\n\n<figure class=\"wp-block-image size-large\"><img loading=\"lazy\" decoding=\"async\" width=\"1024\" height=\"683\" data-id=\"48\" src=\"http:\/\/nowater-versailles.fr\/wp-content\/uploads\/2024\/04\/DSC00572-1024x683.jpg\" alt=\"Image d\u00e9corative\" class=\"wp-image-48\" srcset=\"https:\/\/nowater-versailles.fr\/wp-content\/uploads\/2024\/04\/DSC00572-1024x683.jpg 1024w, https:\/\/nowater-versailles.fr\/wp-content\/uploads\/2024\/04\/DSC00572-300x200.jpg 300w, https:\/\/nowater-versailles.fr\/wp-content\/uploads\/2024\/04\/DSC00572-768x512.jpg 768w, https:\/\/nowater-versailles.fr\/wp-content\/uploads\/2024\/04\/DSC00572-1536x1024.jpg 1536w, https:\/\/nowater-versailles.fr\/wp-content\/uploads\/2024\/04\/DSC00572-2048x1365.jpg 2048w\" sizes=\"auto, (max-width: 1024px) 100vw, 1024px\" \/><\/figure>\n<\/figure>\n\n\n\n<p><a href=\"https:\/\/nowater-versailles.fr\/index.php\/news\/\" title=\"News\">Nos news<\/a><\/p>\n\n\n\n<p>D\u00e9couvrez l&#8217;exp\u00e9rience unique du No Water, votre bar \u00e0 vins, \u00e0 bi\u00e8res et \u00e0 tapas situ\u00e9 au c\u0153ur de Versailles, \u00e0 deux pas du Ch\u00e2teau !  Plongez dans une atmosph\u00e8re d\u00e9contract\u00e9e et laissez-vous emporter par notre s\u00e9lection exceptionnelle de vins, de bi\u00e8res artisanales et de d\u00e9licieuses tapas.<\/p>\n\n\n\n<p>Notre \u00e9tablissement, r\u00e9parti sur plusieurs \u00e9tages, offre un cadre convivial et chaleureux, id\u00e9al pour partager un moment entre amis ou pour se d\u00e9tendre apr\u00e8s une longue journ\u00e9e. Que vous soyez amateur de rock ou de m\u00e9tal, notre ambiance musicale saura vous plaire avec une s\u00e9lection de sonorit\u00e9s qui rythmeront vos soir\u00e9es.<\/p>\n\n\n\n<p>D\u00e9couvrez notre carte vari\u00e9e, mettant en avant des vins de qualit\u00e9, des bi\u00e8res artisanales locales et une s\u00e9lection de tapas savoureuses, con\u00e7ues pour accompagner parfaitement vos boissons pr\u00e9f\u00e9r\u00e9es.<\/p>\n\n\n\n<p>Que vous soyez un habitu\u00e9 ou un nouveau venu, toute l&#8217;\u00e9quipe du No Water est impatiente de vous accueillir et de vous faire vivre une exp\u00e9rience inoubliable. Rejoignez-nous d\u00e8s maintenant et plongez dans l&#8217;univers unique du No Water.<\/p>\n\n\n\n<p>\u00c0 tr\u00e8s bient\u00f4t au Nowat&#8217; !<\/p>\n","protected":false},"excerpt":{"rendered":"<p>Nos news D\u00e9couvrez l&#8217;exp\u00e9rience unique du No Water, votre bar \u00e0 vins, \u00e0 bi\u00e8res et \u00e0 tapas situ\u00e9 au c\u0153ur de Versailles, \u00e0 deux pas du Ch\u00e2teau ! Plongez dans une atmosph\u00e8re d\u00e9contract\u00e9e et laissez-vous emporter par notre s\u00e9lection exceptionnelle&#8230; <\/p>\n<div class=\"readmore-section\"><a class=\"readmore-btn\" href=\"https:\/\/nowater-versailles.fr\/\">Continue reading <i class=\"fa fa-arrow-right\"><\/i><\/a><\/div>\n","protected":false},"author":1,"featured_media":0,"parent":0,"menu_order":0,"comment_status":"closed","ping_status":"closed","template":"","meta":{"om_disable_all_campaigns":false,"_monsterinsights_skip_tracking":false,"_monsterinsights_sitenote_active":false,"_monsterinsights_sitenote_note":"","_monsterinsights_sitenote_category":0,"footnotes":""},"class_list":["post-107","page","type-page","status-publish","hentry"],"aioseo_notices":[],"_links":{"self":[{"href":"https:\/\/nowater-versailles.fr\/index.php\/wp-json\/wp\/v2\/pages\/107","targetHints":{"allow":["GET"]}}],"collection":[{"href":"https:\/\/nowater-versailles.fr\/index.php\/wp-json\/wp\/v2\/pages"}],"about":[{"href":"https:\/\/nowater-versailles.fr\/index.php\/wp-json\/wp\/v2\/types\/page"}],"author":[{"embeddable":true,"href":"https:\/\/nowater-versailles.fr\/index.php\/wp-json\/wp\/v2\/users\/1"}],"replies":[{"embeddable":true,"href":"https:\/\/nowater-versailles.fr\/index.php\/wp-json\/wp\/v2\/comments?post=107"}],"version-history":[{"count":7,"href":"https:\/\/nowater-versailles.fr\/index.php\/wp-json\/wp\/v2\/pages\/107\/revisions"}],"predecessor-version":[{"id":209,"href":"https:\/\/nowater-versailles.fr\/index.php\/wp-json\/wp\/v2\/pages\/107\/revisions\/209"}],"wp:attachment":[{"href":"https:\/\/nowater-versailles.fr\/index.php\/wp-json\/wp\/v2\/media?parent=107"}],"curies":[{"name":"wp","href":"https:\/\/api.w.org\/{rel}","templated":true}]}}