{"id":108,"date":"2024-04-17T17:23:37","date_gmt":"2024-04-17T15:23:37","guid":{"rendered":"https:\/\/nowater-versailles.fr\/?page_id=108"},"modified":"2024-04-25T16:13:31","modified_gmt":"2024-04-25T14:13:31","slug":"le-concept","status":"publish","type":"page","link":"https:\/\/nowater-versailles.fr\/index.php\/le-concept\/","title":{"rendered":"Le Concept"},"content":{"rendered":"\n<p>Situ\u00e9 au c\u0153ur de Versailles et \u00e0 deux pas de son embl\u00e9matique Ch\u00e2teau, le No Water vous invite \u00e0 d\u00e9couvrir une exp\u00e9rience unique dans l&#8217;univers des bars \u00e0 vins, \u00e0 bi\u00e8res et \u00e0 tapas. Notre \u00e9tablissement se distingue par son ambiance d\u00e9contract\u00e9e et son atmosph\u00e8re r\u00e9solument rock\/m\u00e9tal qui saura ravir les amateurs de musique.<\/p>\n\n\n\n<div class=\"wp-block-media-text has-media-on-the-right is-stacked-on-mobile\" style=\"padding-top:0;padding-bottom:0\"><div class=\"wp-block-media-text__content\">\n<h2 class=\"wp-block-heading\"><strong>Une histoire singuli\u00e8re<\/strong><\/h2>\n\n\n\n<p>Fond\u00e9 sur une passion commune pour le vin, la bi\u00e8re et la gastronomie, le No Water est le fruit d&#8217;une vision partag\u00e9e par notre \u00e9quipe. Notre objectif est de cr\u00e9er un lieu o\u00f9 la convivialit\u00e9 et la qualit\u00e9 se rencontrent, offrant \u00e0 nos clients une exp\u00e9rience m\u00e9morable \u00e0 chaque visite.<\/p>\n<\/div><figure class=\"wp-block-media-text__media\"><img loading=\"lazy\" decoding=\"async\" width=\"1024\" height=\"683\" src=\"http:\/\/nowater-versailles.fr\/wp-content\/uploads\/2024\/04\/DSC00708-1024x683.jpg\" alt=\"\" class=\"wp-image-74 size-full\" srcset=\"https:\/\/nowater-versailles.fr\/wp-content\/uploads\/2024\/04\/DSC00708-1024x683.jpg 1024w, https:\/\/nowater-versailles.fr\/wp-content\/uploads\/2024\/04\/DSC00708-300x200.jpg 300w, https:\/\/nowater-versailles.fr\/wp-content\/uploads\/2024\/04\/DSC00708-768x512.jpg 768w, https:\/\/nowater-versailles.fr\/wp-content\/uploads\/2024\/04\/DSC00708-1536x1024.jpg 1536w, https:\/\/nowater-versailles.fr\/wp-content\/uploads\/2024\/04\/DSC00708-2048x1365.jpg 2048w\" sizes=\"auto, (max-width: 1024px) 100vw, 1024px\" \/><\/figure><\/div>\n\n\n\n<div class=\"wp-block-media-text is-stacked-on-mobile\"><figure class=\"wp-block-media-text__media\"><img loading=\"lazy\" decoding=\"async\" width=\"1024\" height=\"683\" src=\"http:\/\/nowater-versailles.fr\/wp-content\/uploads\/2024\/04\/DSC00736-1024x683.jpg\" alt=\"\" class=\"wp-image-81 size-full\" srcset=\"https:\/\/nowater-versailles.fr\/wp-content\/uploads\/2024\/04\/DSC00736-1024x683.jpg 1024w, https:\/\/nowater-versailles.fr\/wp-content\/uploads\/2024\/04\/DSC00736-300x200.jpg 300w, https:\/\/nowater-versailles.fr\/wp-content\/uploads\/2024\/04\/DSC00736-768x512.jpg 768w, https:\/\/nowater-versailles.fr\/wp-content\/uploads\/2024\/04\/DSC00736-1536x1024.jpg 1536w, https:\/\/nowater-versailles.fr\/wp-content\/uploads\/2024\/04\/DSC00736-2048x1365.jpg 2048w\" sizes=\"auto, (max-width: 1024px) 100vw, 1024px\" \/><\/figure><div class=\"wp-block-media-text__content\">\n<h2 class=\"wp-block-heading\"><strong>Une s\u00e9lection exquise de boissons<\/strong><\/h2>\n\n\n\n<p>Plongez dans notre carte des boissons et d\u00e9couvrez une s\u00e9lection minutieusement choisie de vins issus des meilleurs vignobles. Avec une cinquantaine de r\u00e9f\u00e9rences de vins, notre cave saura satisfaire les palais les plus exigeants. Nous proposons \u00e9galement 8 bi\u00e8res \u00e0 la pression, une vingtaine de bi\u00e8res en bouteilles, ainsi qu&#8217;une vari\u00e9t\u00e9 d&#8217;alcools forts, de spiritueux et de cocktails pour tous les go\u00fbts.<\/p>\n<\/div><\/div>\n\n\n\n<div class=\"wp-block-media-text has-media-on-the-right is-stacked-on-mobile\"><div class=\"wp-block-media-text__content\">\n<h2 class=\"wp-block-heading\"><strong>Tapas cr\u00e9atives et savoureuses<\/strong><\/h2>\n\n\n\n<p>Accompagnez vos boissons pr\u00e9f\u00e9r\u00e9es avec notre assortiment de tapas fran\u00e7ais, artisanaux et qualitatifs, pr\u00e9par\u00e9s avec soin. D\u00e9gustez une s\u00e9lection de fromages artisanaux, de saucissons et de rillettes maison, con\u00e7us pour \u00e9veiller vos papilles et vous offrir une exp\u00e9rience culinaire authentique \u00e0 chaque bouch\u00e9e.<\/p>\n<\/div><figure class=\"wp-block-media-text__media\"><img loading=\"lazy\" decoding=\"async\" width=\"1024\" height=\"683\" src=\"http:\/\/nowater-versailles.fr\/wp-content\/uploads\/2024\/04\/DSC00774-1024x683.jpg\" alt=\"\" class=\"wp-image-88 size-full\" srcset=\"https:\/\/nowater-versailles.fr\/wp-content\/uploads\/2024\/04\/DSC00774-1024x683.jpg 1024w, https:\/\/nowater-versailles.fr\/wp-content\/uploads\/2024\/04\/DSC00774-300x200.jpg 300w, https:\/\/nowater-versailles.fr\/wp-content\/uploads\/2024\/04\/DSC00774-768x512.jpg 768w, https:\/\/nowater-versailles.fr\/wp-content\/uploads\/2024\/04\/DSC00774-1536x1024.jpg 1536w, https:\/\/nowater-versailles.fr\/wp-content\/uploads\/2024\/04\/DSC00774-2048x1365.jpg 2048w\" sizes=\"auto, (max-width: 1024px) 100vw, 1024px\" \/><\/figure><\/div>\n\n\n\n<div class=\"wp-block-media-text is-stacked-on-mobile\"><figure class=\"wp-block-media-text__media\"><img loading=\"lazy\" decoding=\"async\" width=\"1024\" height=\"683\" src=\"http:\/\/nowater-versailles.fr\/wp-content\/uploads\/2024\/04\/DSC00677-1024x683.jpg\" alt=\"\" class=\"wp-image-69 size-full\" srcset=\"https:\/\/nowater-versailles.fr\/wp-content\/uploads\/2024\/04\/DSC00677-1024x683.jpg 1024w, https:\/\/nowater-versailles.fr\/wp-content\/uploads\/2024\/04\/DSC00677-300x200.jpg 300w, https:\/\/nowater-versailles.fr\/wp-content\/uploads\/2024\/04\/DSC00677-768x512.jpg 768w, https:\/\/nowater-versailles.fr\/wp-content\/uploads\/2024\/04\/DSC00677-1536x1024.jpg 1536w, https:\/\/nowater-versailles.fr\/wp-content\/uploads\/2024\/04\/DSC00677-2048x1365.jpg 2048w\" sizes=\"auto, (max-width: 1024px) 100vw, 1024px\" \/><\/figure><div class=\"wp-block-media-text__content\">\n<h2 class=\"wp-block-heading\"><strong>Ambiance et d\u00e9cor unique<\/strong><\/h2>\n\n\n\n<p>Le No Water s&#8217;\u00e9tend sur trois \u00e9tages, chacun offrant une ambiance diff\u00e9rente pour satisfaire tous les go\u00fbts. Que vous pr\u00e9f\u00e9riez l&#8217;atmosph\u00e8re anim\u00e9e du bar principal, l&#8217;intimit\u00e9 d&#8217;un coin cosy ou le calme de notre terrasse ensoleill\u00e9e, notre \u00e9tablissement saura vous accueillir dans un cadre chaleureux et convivial.<\/p>\n<\/div><\/div>\n\n\n\n<hr class=\"wp-block-separator has-alpha-channel-opacity\"\/>\n\n\n\n<h2 class=\"wp-block-heading\"><strong>Rencontrez notre \u00e9quipe<\/strong><\/h2>\n\n\n\n<p>Plongez dans l&#8217;univers d\u00e9jant\u00e9 de notre \u00e9quipe ! Nos passionn\u00e9s vous accueillent avec enthousiasme et bonne humeur, pr\u00eats \u00e0 vous faire vivre une exp\u00e9rience inoubliable. Que vous soyez un habitu\u00e9 fid\u00e8le ou un touriste de passage, nous vous accueillons tous avec le m\u00eame sourire et la m\u00eame \u00e9nergie contagieuse.<\/p>\n\n\n\n<hr class=\"wp-block-separator has-alpha-channel-opacity\"\/>\n\n\n\n<h2 class=\"wp-block-heading\"><strong><strong>Pour les groupes et les r\u00e9servations<\/strong><\/strong><\/h2>\n\n\n\n<p>Nous disposons d&#8217;un espace d\u00e9di\u00e9 pour les groupes et nous prenons \u00e9galement les r\u00e9servations pour vos \u00e9v\u00e9nements sp\u00e9ciaux. Contactez-nous pour r\u00e9server votre table et laissez-nous vous offrir une exp\u00e9rience sur mesure au No Water.<\/p>\n\n\n\n<hr class=\"wp-block-separator has-alpha-channel-opacity\"\/>\n\n\n\n<h2 class=\"wp-block-heading\"><strong><strong><strong>O\u00f9 nous trouver<\/strong><\/strong><\/strong><\/h2>\n\n\n\n<p>Le No Water est id\u00e9alement situ\u00e9 au 3 rue Satory \u00e0 Versailles. Consultez nos horaires d&#8217;ouverture et planifiez votre prochaine visite pour d\u00e9couvrir tout ce que notre \u00e9tablissement a \u00e0 vous offrir.<\/p>\n","protected":false},"excerpt":{"rendered":"<p>Situ\u00e9 au c\u0153ur de Versailles et \u00e0 deux pas de son embl\u00e9matique Ch\u00e2teau, le No Water vous invite \u00e0 d\u00e9couvrir une exp\u00e9rience unique dans l&#8217;univers des bars \u00e0 vins, \u00e0 bi\u00e8res et \u00e0 tapas. Notre \u00e9tablissement se distingue par son&#8230; <\/p>\n<div class=\"readmore-section\"><a class=\"readmore-btn\" href=\"https:\/\/nowater-versailles.fr\/index.php\/le-concept\/\">Continue reading <i class=\"fa fa-arrow-right\"><\/i><\/a><\/div>\n","protected":false},"author":1,"featured_media":0,"parent":0,"menu_order":0,"comment_status":"closed","ping_status":"closed","template":"","meta":{"om_disable_all_campaigns":false,"_monsterinsights_skip_tracking":false,"_monsterinsights_sitenote_active":false,"_monsterinsights_sitenote_note":"","_monsterinsights_sitenote_category":0,"footnotes":""},"class_list":["post-108","page","type-page","status-publish","hentry"],"aioseo_notices":[],"_links":{"self":[{"href":"https:\/\/nowater-versailles.fr\/index.php\/wp-json\/wp\/v2\/pages\/108","targetHints":{"allow":["GET"]}}],"collection":[{"href":"https:\/\/nowater-versailles.fr\/index.php\/wp-json\/wp\/v2\/pages"}],"about":[{"href":"https:\/\/nowater-versailles.fr\/index.php\/wp-json\/wp\/v2\/types\/page"}],"author":[{"embeddable":true,"href":"https:\/\/nowater-versailles.fr\/index.php\/wp-json\/wp\/v2\/users\/1"}],"replies":[{"embeddable":true,"href":"https:\/\/nowater-versailles.fr\/index.php\/wp-json\/wp\/v2\/comments?post=108"}],"version-history":[{"count":6,"href":"https:\/\/nowater-versailles.fr\/index.php\/wp-json\/wp\/v2\/pages\/108\/revisions"}],"predecessor-version":[{"id":187,"href":"https:\/\/nowater-versailles.fr\/index.php\/wp-json\/wp\/v2\/pages\/108\/revisions\/187"}],"wp:attachment":[{"href":"https:\/\/nowater-versailles.fr\/index.php\/wp-json\/wp\/v2\/media?parent=108"}],"curies":[{"name":"wp","href":"https:\/\/api.w.org\/{rel}","templated":true}]}}