{"id":110,"date":"2024-04-17T17:23:37","date_gmt":"2024-04-17T15:23:37","guid":{"rendered":"https:\/\/nowater-versailles.fr\/?page_id=110"},"modified":"2025-07-23T15:17:25","modified_gmt":"2025-07-23T13:17:25","slug":"reserver","status":"publish","type":"page","link":"https:\/\/nowater-versailles.fr\/index.php\/reserver\/","title":{"rendered":"R\u00e9servations et groupes"},"content":{"rendered":"\n<p>R\u00e9servation par t\u00e9l\u00e9phone : 06 65 53 48 08<\/p>\n\n\n\n<p>R\u00e9servation \u00e0 partir de 8 personnes.<\/p>\n\n\n\n<hr class=\"wp-block-separator has-alpha-channel-opacity\"\/>\n\n\n\n<div class=\"wp-block-media-text has-media-on-the-right is-stacked-on-mobile\"><div class=\"wp-block-media-text__content\">\n<p>Vous cherchez un lieu original et atypique pour c\u00e9l\u00e9brer un \u00e9v\u00e9nement sp\u00e9cial entre amis ? Le deuxi\u00e8me \u00e9tage du No Water est l\u00e0 pour vous ! Avec une capacit\u00e9 d&#8217;accueil de 15 \u00e0 25 personnes, cet espace exclusif vous promet une exp\u00e9rience unique et m\u00e9morable. Que ce soit pour un anniversaire d\u00e9jant\u00e9, un enterrement de vie de c\u00e9libataire survolt\u00e9 ou une soir\u00e9e d&#8217;\u00e9quipe endiabl\u00e9e, cet espace est con\u00e7u pour vous offrir une ambiance festive et conviviale ! Profitez d&#8217;une s\u00e9lection d\u00e9licieuse de boissons et de tapas, le tout dans un cadre original et intime. R\u00e9servez d\u00e8s maintenant et pr\u00e9parez-vous \u00e0 vivre une exp\u00e9rience inoubliable au No Water !<\/p>\n\n\n\n<p>Possibilit\u00e9 de pr\u00e9commande des boissons &amp; tapas.<\/p>\n<\/div><figure class=\"wp-block-media-text__media\"><img loading=\"lazy\" decoding=\"async\" width=\"1024\" height=\"683\" src=\"http:\/\/nowater-versailles.fr\/wp-content\/uploads\/2024\/04\/DSC00708-1024x683.jpg\" alt=\"\" class=\"wp-image-74 size-full\" srcset=\"https:\/\/nowater-versailles.fr\/wp-content\/uploads\/2024\/04\/DSC00708-1024x683.jpg 1024w, https:\/\/nowater-versailles.fr\/wp-content\/uploads\/2024\/04\/DSC00708-300x200.jpg 300w, https:\/\/nowater-versailles.fr\/wp-content\/uploads\/2024\/04\/DSC00708-768x512.jpg 768w, https:\/\/nowater-versailles.fr\/wp-content\/uploads\/2024\/04\/DSC00708-1536x1024.jpg 1536w, https:\/\/nowater-versailles.fr\/wp-content\/uploads\/2024\/04\/DSC00708-2048x1365.jpg 2048w\" sizes=\"auto, (max-width: 1024px) 100vw, 1024px\" \/><\/figure><\/div>\n","protected":false},"excerpt":{"rendered":"<p>R\u00e9servation par t\u00e9l\u00e9phone : 06 65 53 48 08 R\u00e9servation \u00e0 partir de 8 personnes. Vous cherchez un lieu original et atypique pour c\u00e9l\u00e9brer un \u00e9v\u00e9nement sp\u00e9cial entre amis ? Le deuxi\u00e8me \u00e9tage du No Water est l\u00e0 pour vous&#8230; <\/p>\n<div class=\"readmore-section\"><a class=\"readmore-btn\" href=\"https:\/\/nowater-versailles.fr\/index.php\/reserver\/\">Continue reading <i class=\"fa fa-arrow-right\"><\/i><\/a><\/div>\n","protected":false},"author":1,"featured_media":0,"parent":0,"menu_order":0,"comment_status":"closed","ping_status":"closed","template":"","meta":{"om_disable_all_campaigns":false,"_monsterinsights_skip_tracking":false,"_monsterinsights_sitenote_active":false,"_monsterinsights_sitenote_note":"","_monsterinsights_sitenote_category":0,"footnotes":""},"class_list":["post-110","page","type-page","status-publish","hentry"],"aioseo_notices":[],"_links":{"self":[{"href":"https:\/\/nowater-versailles.fr\/index.php\/wp-json\/wp\/v2\/pages\/110","targetHints":{"allow":["GET"]}}],"collection":[{"href":"https:\/\/nowater-versailles.fr\/index.php\/wp-json\/wp\/v2\/pages"}],"about":[{"href":"https:\/\/nowater-versailles.fr\/index.php\/wp-json\/wp\/v2\/types\/page"}],"author":[{"embeddable":true,"href":"https:\/\/nowater-versailles.fr\/index.php\/wp-json\/wp\/v2\/users\/1"}],"replies":[{"embeddable":true,"href":"https:\/\/nowater-versailles.fr\/index.php\/wp-json\/wp\/v2\/comments?post=110"}],"version-history":[{"count":4,"href":"https:\/\/nowater-versailles.fr\/index.php\/wp-json\/wp\/v2\/pages\/110\/revisions"}],"predecessor-version":[{"id":220,"href":"https:\/\/nowater-versailles.fr\/index.php\/wp-json\/wp\/v2\/pages\/110\/revisions\/220"}],"wp:attachment":[{"href":"https:\/\/nowater-versailles.fr\/index.php\/wp-json\/wp\/v2\/media?parent=110"}],"curies":[{"name":"wp","href":"https:\/\/api.w.org\/{rel}","templated":true}]}}